{"id":465,"date":"2024-11-29T09:46:04","date_gmt":"2024-11-29T09:46:04","guid":{"rendered":"https:\/\/orige.fr\/testimonials\/"},"modified":"2024-12-14T10:24:59","modified_gmt":"2024-12-14T10:24:59","slug":"testimonials","status":"publish","type":"page","link":"https:\/\/orige.fr\/en\/testimonials\/","title":{"rendered":"Positive testimonials"},"content":{"rendered":"\t\t<div data-elementor-type=\"wp-page\" data-elementor-id=\"465\" class=\"elementor elementor-465 elementor-111\" data-elementor-post-type=\"page\">\n\t\t\t\t<div class=\"elementor-element elementor-element-a4b13da e-con-full e-flex e-con e-parent\" data-id=\"a4b13da\" data-element_type=\"container\" data-e-type=\"container\" data-settings=\"{&quot;background_background&quot;:&quot;video&quot;,&quot;background_video_link&quot;:&quot;https:\\\/\\\/orige.fr\\\/wp-content\\\/uploads\\\/2024\\\/12\\\/backouground-conseil.mp4&quot;,&quot;background_play_on_mobile&quot;:&quot;yes&quot;}\">\n\t\t<div class=\"elementor-background-video-container\">\n\t\t\t\t\t\t\t<video class=\"elementor-background-video-hosted\" role=\"presentation\" autoplay muted playsinline loop><\/video>\n\t\t\t\t\t<\/div><div class=\"elementor-element elementor-element-7d9b0cc e-con-full e-flex e-con e-child\" data-id=\"7d9b0cc\" data-element_type=\"container\" data-e-type=\"container\">\n\t\t\t\t<div class=\"elementor-element elementor-element-0fbffee elementor-widget elementor-widget-heading\" data-id=\"0fbffee\" data-element_type=\"widget\" data-e-type=\"widget\" data-widget_type=\"heading.default\">\n\t\t\t\t<div class=\"elementor-widget-container\">\n\t\t\t\t\t<h1 class=\"elementor-heading-title elementor-size-default\">Positive testimonials<\/h1>\t\t\t\t<\/div>\n\t\t\t\t<\/div>\n\t\t\t\t<div class=\"elementor-element elementor-element-25d02b5 elementor-widget__width-initial elementor-widget elementor-widget-text-editor\" data-id=\"25d02b5\" data-element_type=\"widget\" data-e-type=\"widget\" data-widget_type=\"text-editor.default\">\n\t\t\t\t<div class=\"elementor-widget-container\">\n\t\t\t\t\t\t\t\t\t<p>Our clients&#8217; satisfaction is our greatest reward, and we are honored to read their positive testimonials. Our services are regularly praised for their professionalism, attention to detail, and the quality of the experience provided. Whether it&#8217;s for an unforgettable trip in the <a href=\"https:\/\/www.armagnac.fr\/\" target=\"_blank\" rel=\"noopener\">Armagnac region<\/a>, impeccable service in <a href=\"https:\/\/www.normandie-tourisme.fr\/\" target=\"_blank\" rel=\"noopener\">Normandy<\/a>, or coordinated support with a personal touch, our clients consistently express their gratitude. Comments like &#8216;phenomenal service,&#8217; &#8216;a true gentleman,&#8217; and &#8216;thoughtful touches that truly moved us&#8217; reflect the dedication and care we put into each service. Thanks to these positive testimonials, we continue to improve <a href=\"https:\/\/orige.fr\/en\/book-my-driver\/\">to offer the best to each of our clients<\/a>.<\/p>\t\t\t\t\t\t\t\t<\/div>\n\t\t\t\t<\/div>\n\t\t\t\t<\/div>\n\t\t\t\t<div class=\"elementor-element elementor-element-b510484 elementor-widget__width-initial elementor-widget-tablet__width-inherit elementor-testimonial--skin-default elementor-testimonial--layout-image_inline elementor-testimonial--align-center elementor-arrows-yes elementor-widget elementor-widget-testimonial-carousel\" data-id=\"b510484\" data-element_type=\"widget\" data-e-type=\"widget\" data-settings=\"{&quot;autoplay_speed&quot;:6000,&quot;lazyload&quot;:&quot;yes&quot;,&quot;show_arrows&quot;:&quot;yes&quot;,&quot;speed&quot;:500,&quot;autoplay&quot;:&quot;yes&quot;,&quot;loop&quot;:&quot;yes&quot;,&quot;pause_on_hover&quot;:&quot;yes&quot;,&quot;pause_on_interaction&quot;:&quot;yes&quot;,&quot;space_between&quot;:{&quot;unit&quot;:&quot;px&quot;,&quot;size&quot;:10,&quot;sizes&quot;:[]},&quot;space_between_widescreen&quot;:{&quot;unit&quot;:&quot;px&quot;,&quot;size&quot;:10,&quot;sizes&quot;:[]},&quot;space_between_laptop&quot;:{&quot;unit&quot;:&quot;px&quot;,&quot;size&quot;:10,&quot;sizes&quot;:[]},&quot;space_between_tablet_extra&quot;:{&quot;unit&quot;:&quot;px&quot;,&quot;size&quot;:10,&quot;sizes&quot;:[]},&quot;space_between_tablet&quot;:{&quot;unit&quot;:&quot;px&quot;,&quot;size&quot;:10,&quot;sizes&quot;:[]},&quot;space_between_mobile&quot;:{&quot;unit&quot;:&quot;px&quot;,&quot;size&quot;:10,&quot;sizes&quot;:[]}}\" data-widget_type=\"testimonial-carousel.default\">\n\t\t\t\t<div class=\"elementor-widget-container\">\n\t\t\t\t\t\t\t<div class=\"elementor-swiper\">\n\t\t\t<div class=\"elementor-main-swiper swiper-container\">\n\t\t\t\t<div class=\"swiper-wrapper\">\n\t\t\t\t\t\t\t\t\t\t\t<div class=\"swiper-slide\">\n\t\t\t\t\t\t\t\t\t<div class=\"elementor-testimonial\">\n\t\t\t\t\t\t\t<div class=\"elementor-testimonial__content\">\n\t\t\t\t\t<div class=\"elementor-testimonial__text\">\n\t\t\t\t\t\t<p>Thanks Alex for a wonderful day today in the Armagnac region, a most memorable adventure!<\/p>\n\t\t\t\t\t<\/div>\n\t\t\t\t\t\t\t\t\t<\/div>\n\t\t\t\t\t\t<div class=\"elementor-testimonial__footer\">\n\t\t\t\t\t\t\t\t<cite class=\"elementor-testimonial__cite\"><span class=\"elementor-testimonial__name\">- Joe L.<\/span><\/cite>\t\t\t<\/div>\n\t\t<\/div>\n\t\t\t\t\t\t\t\t<\/div>\n\t\t\t\t\t\t\t\t\t\t\t<div class=\"swiper-slide\">\n\t\t\t\t\t\t\t\t\t<div class=\"elementor-testimonial\">\n\t\t\t\t\t\t\t<div class=\"elementor-testimonial__content\">\n\t\t\t\t\t<div class=\"elementor-testimonial__text\">\n\t\t\t\t\t\t<p>Hi Thierry, I told American Express offices that your service was phenomenal and they have added your company to their file in case anyone calls in looking for concierge in Bordeaux. Thank you again<\/p>\n\t\t\t\t\t<\/div>\n\t\t\t\t\t\t\t\t\t<\/div>\n\t\t\t\t\t\t<div class=\"elementor-testimonial__footer\">\n\t\t\t\t\t\t\t\t<cite class=\"elementor-testimonial__cite\"><span class=\"elementor-testimonial__name\">- Charly S.<\/span><\/cite>\t\t\t<\/div>\n\t\t<\/div>\n\t\t\t\t\t\t\t\t<\/div>\n\t\t\t\t\t\t\t\t\t\t\t<div class=\"swiper-slide\">\n\t\t\t\t\t\t\t\t\t<div class=\"elementor-testimonial\">\n\t\t\t\t\t\t\t<div class=\"elementor-testimonial__content\">\n\t\t\t\t\t<div class=\"elementor-testimonial__text\">\n\t\t\t\t\t\t<p>Thank you so much dear Thierry, you are so kind, it\u2019s my pleasure to meet you and Alexandre. Keep in touch and hope to see you again \ud83e\udd70\ud83d\ude18<\/p>\n\t\t\t\t\t<\/div>\n\t\t\t\t\t\t\t\t\t<\/div>\n\t\t\t\t\t\t<div class=\"elementor-testimonial__footer\">\n\t\t\t\t\t\t\t\t<cite class=\"elementor-testimonial__cite\"><span class=\"elementor-testimonial__name\">\u2013 Karen T.<\/span><\/cite>\t\t\t<\/div>\n\t\t<\/div>\n\t\t\t\t\t\t\t\t<\/div>\n\t\t\t\t\t\t\t\t\t\t\t<div class=\"swiper-slide\">\n\t\t\t\t\t\t\t\t\t<div class=\"elementor-testimonial\">\n\t\t\t\t\t\t\t<div class=\"elementor-testimonial__content\">\n\t\t\t\t\t<div class=\"elementor-testimonial__text\">\n\t\t\t\t\t\t<p>Hola Thierry, todo muy bien, muchas gracias por el apoyo y coordinaci\u00f3n. La pr\u00f3xima semana te marco para coordinar Londres y Edinburg<\/p>\n\t\t\t\t\t<\/div>\n\t\t\t\t\t\t\t\t\t<\/div>\n\t\t\t\t\t\t<div class=\"elementor-testimonial__footer\">\n\t\t\t\t\t\t\t\t<cite class=\"elementor-testimonial__cite\"><span class=\"elementor-testimonial__name\">\u2013 Miguel O.<\/span><\/cite>\t\t\t<\/div>\n\t\t<\/div>\n\t\t\t\t\t\t\t\t<\/div>\n\t\t\t\t\t\t\t\t\t\t\t<div class=\"swiper-slide\">\n\t\t\t\t\t\t\t\t\t<div class=\"elementor-testimonial\">\n\t\t\t\t\t\t\t<div class=\"elementor-testimonial__content\">\n\t\t\t\t\t<div class=\"elementor-testimonial__text\">\n\t\t\t\t\t\t<p>Mil gracias Thierry, you are truly the best!<\/p>\n\t\t\t\t\t<\/div>\n\t\t\t\t\t\t\t\t\t<\/div>\n\t\t\t\t\t\t<div class=\"elementor-testimonial__footer\">\n\t\t\t\t\t\t\t\t<cite class=\"elementor-testimonial__cite\"><span class=\"elementor-testimonial__name\">\u2013 Enrice T.<\/span><\/cite>\t\t\t<\/div>\n\t\t<\/div>\n\t\t\t\t\t\t\t\t<\/div>\n\t\t\t\t\t\t\t\t\t\t\t<div class=\"swiper-slide\">\n\t\t\t\t\t\t\t\t\t<div class=\"elementor-testimonial\">\n\t\t\t\t\t\t\t<div class=\"elementor-testimonial__content\">\n\t\t\t\t\t<div class=\"elementor-testimonial__text\">\n\t\t\t\t\t\t<p>Thank you dear Alex! Despite the situation was really challenging. Thank you for being a real gentleman! Now we will definitely be back. \ud83d\udc99\ud83d\ude4f<\/p>\n\t\t\t\t\t<\/div>\n\t\t\t\t\t\t\t\t\t<\/div>\n\t\t\t\t\t\t<div class=\"elementor-testimonial__footer\">\n\t\t\t\t\t\t\t\t<cite class=\"elementor-testimonial__cite\"><span class=\"elementor-testimonial__name\">\u2013 Alexandra S.<\/span><\/cite>\t\t\t<\/div>\n\t\t<\/div>\n\t\t\t\t\t\t\t\t<\/div>\n\t\t\t\t\t\t\t\t\t\t\t<div class=\"swiper-slide\">\n\t\t\t\t\t\t\t\t\t<div class=\"elementor-testimonial\">\n\t\t\t\t\t\t\t<div class=\"elementor-testimonial__content\">\n\t\t\t\t\t<div class=\"elementor-testimonial__text\">\n\t\t\t\t\t\t<p>Un grand merci d\u2019avoir organis\u00e9 nos trajets de Paris vers la Normandie, Marie qui nous a conduit \u00e9tait top ! Franchement, un service impeccable et de petites attentions qui nous ont vraiment touch\u00e9es.<\/p>\n\t\t\t\t\t<\/div>\n\t\t\t\t\t\t\t\t\t<\/div>\n\t\t\t\t\t\t<div class=\"elementor-testimonial__footer\">\n\t\t\t\t\t\t\t\t<cite class=\"elementor-testimonial__cite\"><span class=\"elementor-testimonial__name\">\u2013 H\u00e9l\u00e8ne V.<\/span><\/cite>\t\t\t<\/div>\n\t\t<\/div>\n\t\t\t\t\t\t\t\t<\/div>\n\t\t\t\t\t\t\t\t\t\t\t<div class=\"swiper-slide\">\n\t\t\t\t\t\t\t\t\t<div class=\"elementor-testimonial\">\n\t\t\t\t\t\t\t<div class=\"elementor-testimonial__content\">\n\t\t\t\t\t<div class=\"elementor-testimonial__text\">\n\t\t\t\t\t\t<p>Thanks for the photos!! We really enjoyed the tour immensely<\/p>\n\t\t\t\t\t<\/div>\n\t\t\t\t\t\t\t\t\t<\/div>\n\t\t\t\t\t\t<div class=\"elementor-testimonial__footer\">\n\t\t\t\t\t\t\t\t<cite class=\"elementor-testimonial__cite\"><span class=\"elementor-testimonial__name\">\u2013 Mike T.<\/span><\/cite>\t\t\t<\/div>\n\t\t<\/div>\n\t\t\t\t\t\t\t\t<\/div>\n\t\t\t\t\t\t\t\t\t\t\t<div class=\"swiper-slide\">\n\t\t\t\t\t\t\t\t\t<div class=\"elementor-testimonial\">\n\t\t\t\t\t\t\t<div class=\"elementor-testimonial__content\">\n\t\t\t\t\t<div class=\"elementor-testimonial__text\">\n\t\t\t\t\t\t<p>Alex, thank you for your professionalism! Hopefully we'll meet again.<\/p>\n\t\t\t\t\t<\/div>\n\t\t\t\t\t\t\t\t\t<\/div>\n\t\t\t\t\t\t<div class=\"elementor-testimonial__footer\">\n\t\t\t\t\t\t\t\t<cite class=\"elementor-testimonial__cite\"><span class=\"elementor-testimonial__name\">\u2013 Mark W.<\/span><\/cite>\t\t\t<\/div>\n\t\t<\/div>\n\t\t\t\t\t\t\t\t<\/div>\n\t\t\t\t\t\t\t\t\t<\/div>\n\t\t\t\t\t\t\t\t\t\t\t\t\t\t\t\t\t\t\t\t<div class=\"elementor-swiper-button elementor-swiper-button-prev\" role=\"button\" tabindex=\"0\">\n\t\t\t\t\t\t\t<svg aria-hidden=\"true\" class=\"e-font-icon-svg e-eicon-chevron-left\" viewBox=\"0 0 1000 1000\" xmlns=\"http:\/\/www.w3.org\/2000\/svg\"><path d=\"M646 125C629 125 613 133 604 142L308 442C296 454 292 471 292 487 292 504 296 521 308 533L604 854C617 867 629 875 646 875 663 875 679 871 692 858 704 846 713 829 713 812 713 796 708 779 692 767L438 487 692 225C700 217 708 204 708 187 708 171 704 154 692 142 675 129 663 125 646 125Z\"><\/path><\/svg>\t\t\t\t\t\t\t<span class=\"elementor-screen-only\">Previous<\/span>\n\t\t\t\t\t\t<\/div>\n\t\t\t\t\t\t<div class=\"elementor-swiper-button elementor-swiper-button-next\" role=\"button\" tabindex=\"0\">\n\t\t\t\t\t\t\t<svg aria-hidden=\"true\" class=\"e-font-icon-svg e-eicon-chevron-right\" viewBox=\"0 0 1000 1000\" xmlns=\"http:\/\/www.w3.org\/2000\/svg\"><path d=\"M696 533C708 521 713 504 713 487 713 471 708 454 696 446L400 146C388 133 375 125 354 125 338 125 325 129 313 142 300 154 292 171 292 187 292 204 296 221 308 233L563 492 304 771C292 783 288 800 288 817 288 833 296 850 308 863 321 871 338 875 354 875 371 875 388 867 400 854L696 533Z\"><\/path><\/svg>\t\t\t\t\t\t\t<span class=\"elementor-screen-only\">Next<\/span>\n\t\t\t\t\t\t<\/div>\n\t\t\t\t\t\t\t\t\t\t\t\t<\/div>\n\t\t<\/div>\n\t\t\t\t\t\t<\/div>\n\t\t\t\t<\/div>\n\t\t\t\t<\/div>\n\t\t<div class=\"elementor-element elementor-element-d392d7f elementor-hidden-mobile e-flex e-con-boxed e-con e-parent\" data-id=\"d392d7f\" data-element_type=\"container\" data-e-type=\"container\" data-settings=\"{&quot;background_background&quot;:&quot;gradient&quot;}\">\n\t\t\t\t\t<div class=\"e-con-inner\">\n\t\t\t\t<div class=\"elementor-element elementor-element-cff807f elementor-widget__width-initial elementor-widget elementor-widget-image\" data-id=\"cff807f\" data-element_type=\"widget\" data-e-type=\"widget\" data-widget_type=\"image.default\">\n\t\t\t\t<div class=\"elementor-widget-container\">\n\t\t\t\t\t\t\t\t\t\t\t\t\t\t\t<img fetchpriority=\"high\" decoding=\"async\" width=\"800\" height=\"451\" src=\"https:\/\/orige.fr\/wp-content\/uploads\/2024\/11\/orige_logo-blanc.webp\" class=\"attachment-large size-large wp-image-442\" alt=\"Orige Partners white logo\" srcset=\"https:\/\/orige.fr\/wp-content\/uploads\/2024\/11\/orige_logo-blanc.webp 800w, https:\/\/orige.fr\/wp-content\/uploads\/2024\/11\/orige_logo-blanc-300x169.webp 300w, https:\/\/orige.fr\/wp-content\/uploads\/2024\/11\/orige_logo-blanc-768x433.webp 768w, https:\/\/orige.fr\/wp-content\/uploads\/2024\/11\/orige_logo-blanc-18x10.webp 18w\" sizes=\"(max-width: 800px) 100vw, 800px\" \/>\t\t\t\t\t\t\t\t\t\t\t\t\t\t\t<\/div>\n\t\t\t\t<\/div>\n\t\t\t\t\t<\/div>\n\t\t\t\t<\/div>\n\t\t\t\t<\/div>\n\t\t","protected":false},"excerpt":{"rendered":"","protected":false},"author":1,"featured_media":447,"parent":0,"menu_order":0,"comment_status":"closed","ping_status":"closed","template":"","meta":{"footnotes":""},"class_list":["post-465","page","type-page","status-publish","has-post-thumbnail","hentry"],"yoast_head":"<!-- This site is optimized with the Yoast SEO plugin v24.1 - https:\/\/yoast.com\/wordpress\/plugins\/seo\/ -->\n<title>Positive testimonials - Orige Partners<\/title>\n<meta name=\"description\" content=\"Positive testimonials from our clients: impeccable, personalized service and unforgettable experiences at every stage of your journey.\" \/>\n<meta name=\"robots\" content=\"index, follow, max-snippet:-1, max-image-preview:large, max-video-preview:-1\" \/>\n<link rel=\"canonical\" href=\"https:\/\/orige.fr\/en\/testimonials\/\" \/>\n<meta property=\"og:locale\" content=\"en_US\" \/>\n<meta property=\"og:type\" content=\"article\" \/>\n<meta property=\"og:title\" content=\"Positive testimonials - Orige Partners\" \/>\n<meta property=\"og:description\" content=\"Positive testimonials from our clients: impeccable, personalized service and unforgettable experiences at every stage of your journey.\" \/>\n<meta property=\"og:url\" content=\"https:\/\/orige.fr\/en\/testimonials\/\" \/>\n<meta property=\"og:site_name\" content=\"Orige Partners\" \/>\n<meta property=\"article:modified_time\" content=\"2024-12-14T10:24:59+00:00\" \/>\n<meta property=\"og:image\" content=\"https:\/\/orige.fr\/wp-content\/uploads\/2024\/12\/IMG-20221015-WA0001.jpg\" \/>\n\t<meta property=\"og:image:width\" content=\"768\" \/>\n\t<meta property=\"og:image:height\" content=\"1024\" \/>\n\t<meta property=\"og:image:type\" content=\"image\/jpeg\" \/>\n<meta name=\"twitter:card\" content=\"summary_large_image\" \/>\n<meta name=\"twitter:label1\" content=\"Est. reading time\" \/>\n\t<meta name=\"twitter:data1\" content=\"3 minutes\" \/>\n<script type=\"application\/ld+json\" class=\"yoast-schema-graph\">{\"@context\":\"https:\/\/schema.org\",\"@graph\":[{\"@type\":\"WebPage\",\"@id\":\"https:\/\/orige.fr\/en\/testimonials\/\",\"url\":\"https:\/\/orige.fr\/en\/testimonials\/\",\"name\":\"Positive testimonials - Orige Partners\",\"isPartOf\":{\"@id\":\"https:\/\/orige.fr\/en\/#website\"},\"primaryImageOfPage\":{\"@id\":\"https:\/\/orige.fr\/en\/testimonials\/#primaryimage\"},\"image\":{\"@id\":\"https:\/\/orige.fr\/en\/testimonials\/#primaryimage\"},\"thumbnailUrl\":\"https:\/\/orige.fr\/wp-content\/uploads\/2024\/12\/IMG-20221015-WA0001.jpg\",\"datePublished\":\"2024-11-29T09:46:04+00:00\",\"dateModified\":\"2024-12-14T10:24:59+00:00\",\"description\":\"Positive testimonials from our clients: impeccable, personalized service and unforgettable experiences at every stage of your journey.\",\"breadcrumb\":{\"@id\":\"https:\/\/orige.fr\/en\/testimonials\/#breadcrumb\"},\"inLanguage\":\"en-US\",\"potentialAction\":[{\"@type\":\"ReadAction\",\"target\":[\"https:\/\/orige.fr\/en\/testimonials\/\"]}]},{\"@type\":\"ImageObject\",\"inLanguage\":\"en-US\",\"@id\":\"https:\/\/orige.fr\/en\/testimonials\/#primaryimage\",\"url\":\"https:\/\/orige.fr\/wp-content\/uploads\/2024\/12\/IMG-20221015-WA0001.jpg\",\"contentUrl\":\"https:\/\/orige.fr\/wp-content\/uploads\/2024\/12\/IMG-20221015-WA0001.jpg\",\"width\":768,\"height\":1024},{\"@type\":\"BreadcrumbList\",\"@id\":\"https:\/\/orige.fr\/en\/testimonials\/#breadcrumb\",\"itemListElement\":[{\"@type\":\"ListItem\",\"position\":1,\"name\":\"Accueil\",\"item\":\"https:\/\/orige.fr\/en\/\"},{\"@type\":\"ListItem\",\"position\":2,\"name\":\"Positive testimonials\"}]},{\"@type\":\"WebSite\",\"@id\":\"https:\/\/orige.fr\/en\/#website\",\"url\":\"https:\/\/orige.fr\/en\/\",\"name\":\"Orige Partners\",\"description\":\"Chauffeurs priv\u00e9s\",\"potentialAction\":[{\"@type\":\"SearchAction\",\"target\":{\"@type\":\"EntryPoint\",\"urlTemplate\":\"https:\/\/orige.fr\/en\/?s={search_term_string}\"},\"query-input\":{\"@type\":\"PropertyValueSpecification\",\"valueRequired\":true,\"valueName\":\"search_term_string\"}}],\"inLanguage\":\"en-US\"}]}<\/script>\n<!-- \/ Yoast SEO plugin. -->","yoast_head_json":{"title":"Positive testimonials - Orige Partners","description":"Positive testimonials from our clients: impeccable, personalized service and unforgettable experiences at every stage of your journey.","robots":{"index":"index","follow":"follow","max-snippet":"max-snippet:-1","max-image-preview":"max-image-preview:large","max-video-preview":"max-video-preview:-1"},"canonical":"https:\/\/orige.fr\/en\/testimonials\/","og_locale":"en_US","og_type":"article","og_title":"Positive testimonials - Orige Partners","og_description":"Positive testimonials from our clients: impeccable, personalized service and unforgettable experiences at every stage of your journey.","og_url":"https:\/\/orige.fr\/en\/testimonials\/","og_site_name":"Orige Partners","article_modified_time":"2024-12-14T10:24:59+00:00","og_image":[{"width":768,"height":1024,"url":"https:\/\/orige.fr\/wp-content\/uploads\/2024\/12\/IMG-20221015-WA0001.jpg","type":"image\/jpeg"}],"twitter_card":"summary_large_image","twitter_misc":{"Est. reading time":"3 minutes"},"schema":{"@context":"https:\/\/schema.org","@graph":[{"@type":"WebPage","@id":"https:\/\/orige.fr\/en\/testimonials\/","url":"https:\/\/orige.fr\/en\/testimonials\/","name":"Positive testimonials - Orige Partners","isPartOf":{"@id":"https:\/\/orige.fr\/en\/#website"},"primaryImageOfPage":{"@id":"https:\/\/orige.fr\/en\/testimonials\/#primaryimage"},"image":{"@id":"https:\/\/orige.fr\/en\/testimonials\/#primaryimage"},"thumbnailUrl":"https:\/\/orige.fr\/wp-content\/uploads\/2024\/12\/IMG-20221015-WA0001.jpg","datePublished":"2024-11-29T09:46:04+00:00","dateModified":"2024-12-14T10:24:59+00:00","description":"Positive testimonials from our clients: impeccable, personalized service and unforgettable experiences at every stage of your journey.","breadcrumb":{"@id":"https:\/\/orige.fr\/en\/testimonials\/#breadcrumb"},"inLanguage":"en-US","potentialAction":[{"@type":"ReadAction","target":["https:\/\/orige.fr\/en\/testimonials\/"]}]},{"@type":"ImageObject","inLanguage":"en-US","@id":"https:\/\/orige.fr\/en\/testimonials\/#primaryimage","url":"https:\/\/orige.fr\/wp-content\/uploads\/2024\/12\/IMG-20221015-WA0001.jpg","contentUrl":"https:\/\/orige.fr\/wp-content\/uploads\/2024\/12\/IMG-20221015-WA0001.jpg","width":768,"height":1024},{"@type":"BreadcrumbList","@id":"https:\/\/orige.fr\/en\/testimonials\/#breadcrumb","itemListElement":[{"@type":"ListItem","position":1,"name":"Accueil","item":"https:\/\/orige.fr\/en\/"},{"@type":"ListItem","position":2,"name":"Positive testimonials"}]},{"@type":"WebSite","@id":"https:\/\/orige.fr\/en\/#website","url":"https:\/\/orige.fr\/en\/","name":"Orige Partners","description":"Chauffeurs priv\u00e9s","potentialAction":[{"@type":"SearchAction","target":{"@type":"EntryPoint","urlTemplate":"https:\/\/orige.fr\/en\/?s={search_term_string}"},"query-input":{"@type":"PropertyValueSpecification","valueRequired":true,"valueName":"search_term_string"}}],"inLanguage":"en-US"}]}},"_links":{"self":[{"href":"https:\/\/orige.fr\/en\/wp-json\/wp\/v2\/pages\/465","targetHints":{"allow":["GET"]}}],"collection":[{"href":"https:\/\/orige.fr\/en\/wp-json\/wp\/v2\/pages"}],"about":[{"href":"https:\/\/orige.fr\/en\/wp-json\/wp\/v2\/types\/page"}],"author":[{"embeddable":true,"href":"https:\/\/orige.fr\/en\/wp-json\/wp\/v2\/users\/1"}],"replies":[{"embeddable":true,"href":"https:\/\/orige.fr\/en\/wp-json\/wp\/v2\/comments?post=465"}],"version-history":[{"count":15,"href":"https:\/\/orige.fr\/en\/wp-json\/wp\/v2\/pages\/465\/revisions"}],"predecessor-version":[{"id":2037,"href":"https:\/\/orige.fr\/en\/wp-json\/wp\/v2\/pages\/465\/revisions\/2037"}],"wp:featuredmedia":[{"embeddable":true,"href":"https:\/\/orige.fr\/en\/wp-json\/wp\/v2\/media\/447"}],"wp:attachment":[{"href":"https:\/\/orige.fr\/en\/wp-json\/wp\/v2\/media?parent=465"}],"curies":[{"name":"wp","href":"https:\/\/api.w.org\/{rel}","templated":true}]}}